{"id":1130,"date":"2025-12-01T16:29:14","date_gmt":"2025-12-01T15:29:14","guid":{"rendered":"https:\/\/oasiodv.it\/?page_id=1130"},"modified":"2025-12-01T16:38:47","modified_gmt":"2025-12-01T15:38:47","slug":"impegno-sociale","status":"publish","type":"page","link":"https:\/\/oasiodv.it\/?page_id=1130","title":{"rendered":"Impegno sociale"},"content":{"rendered":"\n<div class=\"wp-block-stackable-columns alignfull stk-block-columns stk-block stk-47369fb stk-block-background\" data-block-id=\"47369fb\"><style>.stk-47369fb .stk--block-align-47369fb{align-items:center !important;}.stk-47369fb {background-color:#fbf6ed !important;margin-top:0px !important;margin-bottom:0px !important;}.stk-47369fb:before{background-color:#fbf6ed !important;}.stk-47369fb-column{--stk-column-gap:50px !important;row-gap:50px !important;}<\/style><div class=\"stk-row stk-inner-blocks stk--block-align-47369fb stk-block-content stk-content-align stk-47369fb-column\">\n<div class=\"wp-block-stackable-column stk-block-column stk-column stk-block stk-1da631d\" data-v=\"4\" data-block-id=\"1da631d\"><style>.stk-1da631d-container{margin-top:0px !important;margin-right:0px !important;margin-bottom:0px !important;margin-left:0px !important;}.stk-1da631d {margin-top:125px !important;margin-right:auto !important;margin-bottom:98px !important;margin-left:auto !important;}<\/style><div class=\"stk-column-wrapper stk-block-column__content stk-container stk-1da631d-container stk--no-background stk--no-padding\"><div class=\"stk-block-content stk-inner-blocks stk-1da631d-inner-blocks\">\n<h2 class=\"wp-block-heading\">Impegno sociale<\/h2>\n\n\n\n<p><strong>Oasi ODV promuove ogni giorno<\/strong> iniziative concrete di contrasto alla povert\u00e0, offrendo supporto a persone e famiglie in difficolt\u00e0 attraverso interventi mirati di distribuzione di generi di prima necessit\u00e0 e di conforto e servizi di prossimit\u00e0.<\/p>\n\n\n\n<p>Lavoriamo per la lotta alle disuguaglianze, di ogni tipo garantendo, pari opportunit\u00e0 e sostenendo chi vive situazioni di fragilit\u00e0 economica, lavorativa o abitativa.<\/p>\n\n\n\n<p><strong>Crediamo profondamente nel valore dell\u2019 inclusione sociale e del bene comune<\/strong>, per questo favoriamo percorsi di integrazione, ascolto e partecipazione attiva, affinch\u00e9 ogni individuo possa sentirsi parte della comunit\u00e0.<\/p>\n\n\n\n<p>Le nostre azioni si fondano su una <strong>visione condivisa di solidariet\u00e0<\/strong>, intesa come responsabilit\u00e0 collettiva e sostegno reciproco di chi \u00e8 in condizioni di difficolt\u00e0 e di bisogno anche solo temporaneo.<\/p>\n\n\n\n<p><strong>Guidati da principi cristiani e dall\u2019insegnamento dell\u2019amore verso il prossimo e verso i pi\u00f9 bisognosi<\/strong>, ci impegniamo ogni giorno a costruire una societ\u00e0 pi\u00f9 equa, accogliente e attenta ai bisogni di chi vive situazioni\u00a0di\u00a0difficolt\u00e0.<\/p>\n<\/div><\/div><\/div>\n\n\n\n<div class=\"wp-block-stackable-column stk-block-column stk-column stk-block stk-43cb914\" data-v=\"4\" data-block-id=\"43cb914\"><style>.stk-43cb914-container{margin-top:0px !important;margin-right:0px !important;margin-bottom:0px !important;margin-left:0px !important;}<\/style><div class=\"stk-column-wrapper stk-block-column__content stk-container stk-43cb914-container stk--no-background stk--no-padding\"><div class=\"stk-block-content stk-inner-blocks stk-43cb914-inner-blocks\">\n<figure class=\"wp-block-image size-large has-custom-border\"><img loading=\"lazy\" decoding=\"async\" width=\"1024\" height=\"683\" src=\"https:\/\/oasiodv.it\/wp-content\/uploads\/2025\/12\/2148780712-1-1024x683.jpg\" alt=\"\" class=\"wp-image-1138\" style=\"border-style:none;border-width:0px;border-radius:14px;aspect-ratio:1;object-fit:cover\" srcset=\"https:\/\/oasiodv.it\/wp-content\/uploads\/2025\/12\/2148780712-1-1024x683.jpg 1024w, https:\/\/oasiodv.it\/wp-content\/uploads\/2025\/12\/2148780712-1-300x200.jpg 300w, https:\/\/oasiodv.it\/wp-content\/uploads\/2025\/12\/2148780712-1-768x513.jpg 768w, https:\/\/oasiodv.it\/wp-content\/uploads\/2025\/12\/2148780712-1.jpg 1500w\" sizes=\"auto, (max-width: 1024px) 100vw, 1024px\" \/><\/figure>\n\n\n\n<p class=\"has-palette-color-4-color has-text-color has-link-color has-small-font-size wp-elements-d970693653d4b39c7e342b572fbfc74c\"><strong>Credits: <\/strong><a href=\"https:\/\/it.freepik.com\/foto-gratuito\/diverse-persone-felici-che-godono-nel-parco_3469643.htm#fromView=search&amp;page=2&amp;position=34&amp;uuid=de428916-0b23-4e35-94b0-43ac2d39820c&amp;query=impegno+sociale\">Immagine di rawpixel.com su Freepik<\/a><\/p>\n<\/div><\/div><\/div>\n<\/div><\/div>\n\n\n\n<div class=\"wp-block-stackable-spacer stk-block-spacer stk--no-padding stk-block stk-0c5a20f\" data-block-id=\"0c5a20f\"><style>.stk-0c5a20f {height:130px !important;}@media screen and (max-width:999px){.stk-0c5a20f {height:80px !important;}}<\/style><\/div>\n\n\n\n<p><\/p>\n","protected":false},"excerpt":{"rendered":"<p>Impegno sociale Oasi ODV promuove ogni giorno iniziative concrete di contrasto alla povert\u00e0, offrendo supporto a persone e famiglie in difficolt\u00e0 attraverso interventi mirati di distribuzione di generi di prima necessit\u00e0 e di conforto e servizi di prossimit\u00e0. Lavoriamo per la lotta alle disuguaglianze, di ogni tipo garantendo, pari opportunit\u00e0 e sostenendo chi vive situazioni [&hellip;]<\/p>\n","protected":false},"author":1,"featured_media":971,"parent":0,"menu_order":0,"comment_status":"closed","ping_status":"closed","template":"","meta":{"footnotes":""},"class_list":["post-1130","page","type-page","status-publish","has-post-thumbnail","hentry"],"blocksy_meta":{"styles_descriptor":{"styles":{"desktop":"","tablet":"","mobile":""},"google_fonts":[],"version":6}},"rttpg_featured_image_url":{"full":["https:\/\/oasiodv.it\/wp-content\/uploads\/2024\/12\/2149203570.jpg",2000,1312,false],"landscape":["https:\/\/oasiodv.it\/wp-content\/uploads\/2024\/12\/2149203570.jpg",2000,1312,false],"portraits":["https:\/\/oasiodv.it\/wp-content\/uploads\/2024\/12\/2149203570.jpg",2000,1312,false],"thumbnail":["https:\/\/oasiodv.it\/wp-content\/uploads\/2024\/12\/2149203570.jpg",150,98,false],"medium":["https:\/\/oasiodv.it\/wp-content\/uploads\/2024\/12\/2149203570.jpg",300,197,false],"large":["https:\/\/oasiodv.it\/wp-content\/uploads\/2024\/12\/2149203570.jpg",1024,672,false],"1536x1536":["https:\/\/oasiodv.it\/wp-content\/uploads\/2024\/12\/2149203570.jpg",1536,1008,false],"2048x2048":["https:\/\/oasiodv.it\/wp-content\/uploads\/2024\/12\/2149203570.jpg",2000,1312,false]},"rttpg_author":{"display_name":"admin","author_link":"https:\/\/oasiodv.it\/?author=1"},"rttpg_comment":0,"rttpg_category":null,"rttpg_excerpt":"Impegno sociale Oasi ODV promuove ogni giorno iniziative concrete di contrasto alla povert\u00e0, offrendo supporto a persone e famiglie in difficolt\u00e0 attraverso interventi mirati di distribuzione di generi di prima necessit\u00e0 e di conforto e servizi di prossimit\u00e0. Lavoriamo per la lotta alle disuguaglianze, di ogni tipo garantendo, pari opportunit\u00e0 e sostenendo chi vive situazioni&hellip;","_links":{"self":[{"href":"https:\/\/oasiodv.it\/index.php?rest_route=\/wp\/v2\/pages\/1130","targetHints":{"allow":["GET"]}}],"collection":[{"href":"https:\/\/oasiodv.it\/index.php?rest_route=\/wp\/v2\/pages"}],"about":[{"href":"https:\/\/oasiodv.it\/index.php?rest_route=\/wp\/v2\/types\/page"}],"author":[{"embeddable":true,"href":"https:\/\/oasiodv.it\/index.php?rest_route=\/wp\/v2\/users\/1"}],"replies":[{"embeddable":true,"href":"https:\/\/oasiodv.it\/index.php?rest_route=%2Fwp%2Fv2%2Fcomments&post=1130"}],"version-history":[{"count":6,"href":"https:\/\/oasiodv.it\/index.php?rest_route=\/wp\/v2\/pages\/1130\/revisions"}],"predecessor-version":[{"id":1141,"href":"https:\/\/oasiodv.it\/index.php?rest_route=\/wp\/v2\/pages\/1130\/revisions\/1141"}],"wp:featuredmedia":[{"embeddable":true,"href":"https:\/\/oasiodv.it\/index.php?rest_route=\/wp\/v2\/media\/971"}],"wp:attachment":[{"href":"https:\/\/oasiodv.it\/index.php?rest_route=%2Fwp%2Fv2%2Fmedia&parent=1130"}],"curies":[{"name":"wp","href":"https:\/\/api.w.org\/{rel}","templated":true}]}}