{"id":1154,"date":"2025-12-01T16:56:16","date_gmt":"2025-12-01T15:56:16","guid":{"rendered":"https:\/\/oasiodv.it\/?page_id=1154"},"modified":"2025-12-01T16:56:16","modified_gmt":"2025-12-01T15:56:16","slug":"cooperazione-internazionale","status":"publish","type":"page","link":"https:\/\/oasiodv.it\/?page_id=1154","title":{"rendered":"Cooperazione internazionale"},"content":{"rendered":"\n<div class=\"wp-block-stackable-columns alignfull stk-block-columns stk-block stk-47369fb stk-block-background\" data-block-id=\"47369fb\"><style>.stk-47369fb .stk--block-align-47369fb{align-items:center !important;}.stk-47369fb {background-color:#fbf6ed !important;margin-top:0px !important;margin-bottom:0px !important;}.stk-47369fb:before{background-color:#fbf6ed !important;}.stk-47369fb-column{--stk-column-gap:50px !important;row-gap:50px !important;}<\/style><div class=\"stk-row stk-inner-blocks stk--block-align-47369fb stk-block-content stk-content-align stk-47369fb-column\">\n<div class=\"wp-block-stackable-column stk-block-column stk-column stk-block stk-1da631d\" data-v=\"4\" data-block-id=\"1da631d\"><style>.stk-1da631d-container{margin-top:0px !important;margin-right:0px !important;margin-bottom:0px !important;margin-left:0px !important;}.stk-1da631d {margin-top:125px !important;margin-right:auto !important;margin-bottom:98px !important;margin-left:auto !important;}<\/style><div class=\"stk-column-wrapper stk-block-column__content stk-container stk-1da631d-container stk--no-background stk--no-padding\"><div class=\"stk-block-content stk-inner-blocks stk-1da631d-inner-blocks\">\n<h2 class=\"wp-block-heading\">Cooperazione internazionale<\/h2>\n\n\n\n<p><strong>Oasi ODV estende il proprio impegno oltre i confini nazionali attraverso progetti di cooperazione internazionale mirati a sostenere comunit\u00e0 vulnerabili e a promuovere percorsi di sviluppo duraturi.<\/strong><\/p>\n\n\n\n<p>L\u2019associazione supporta una missione all\u2019estero che opera nelle aree pi\u00f9 povere della Bulgaria, dove vivono numerose comunit\u00e0 ROM in condizioni di forte marginalit\u00e0 sociale ed economica.<\/p>\n\n\n\n<p>Attraverso interventi di capacity building, lavoriamo per rafforzare le competenze locali, sostenere iniziative comunitarie e promuovere maggiore autonomia nelle realt\u00e0 coinvolte. Le nostre azioni includono attivit\u00e0 educative, culturali e professionali finalizzate allo sviluppo sociale, culturale e lavorativo delle popolazioni ROM, creando nuove opportunit\u00e0 per le famiglie e le giovani generazioni.<\/p>\n\n\n\n<p>All\u2019interno della missione realizziamo inoltre azioni educative e di sostegno materiale rivolte a bambini abbandonati, costretti a vivere in condizioni di nomadismo a causa dell\u2019assenza di riferimenti familiari stabili.<br>Offriamo loro supporto, protezione e percorsi di crescita che possano restituire dignit\u00e0, stabilit\u00e0 e possibilit\u00e0 future.<\/p>\n\n\n\n<p><strong>L\u2019obiettivo di Oasi ODV \u00e8 contribuire alla costruzione di percorsi di crescita sostenibile, basati sulla collaborazione, sulla valorizzazione delle risorse locali e sul rispetto della dignit\u00e0 umana.<\/strong> Con un approccio partecipativo e solidale, ci impegniamo a generare un cambiamento positivo e a sostenere comunit\u00e0 che, pur lontane geograficamente, condividono il nostro desiderio di un futuro pi\u00f9 giusto\u00a0e\u00a0inclusivo.<\/p>\n<\/div><\/div><\/div>\n\n\n\n<div class=\"wp-block-stackable-column stk-block-column stk-column stk-block stk-43cb914\" data-v=\"4\" data-block-id=\"43cb914\"><style>.stk-43cb914-container{margin-top:0px !important;margin-right:0px !important;margin-bottom:0px !important;margin-left:0px !important;}<\/style><div class=\"stk-column-wrapper stk-block-column__content stk-container stk-43cb914-container stk--no-background stk--no-padding\"><div class=\"stk-block-content stk-inner-blocks stk-43cb914-inner-blocks\">\n<figure class=\"wp-block-image size-full has-custom-border\"><img loading=\"lazy\" decoding=\"async\" width=\"1000\" height=\"1000\" src=\"https:\/\/oasiodv.it\/wp-content\/uploads\/2025\/12\/2147839015.jpg\" alt=\"\" class=\"wp-image-1156\" style=\"border-style:none;border-width:0px;border-radius:14px;aspect-ratio:1;object-fit:cover\" srcset=\"https:\/\/oasiodv.it\/wp-content\/uploads\/2025\/12\/2147839015.jpg 1000w, https:\/\/oasiodv.it\/wp-content\/uploads\/2025\/12\/2147839015-300x300.jpg 300w, https:\/\/oasiodv.it\/wp-content\/uploads\/2025\/12\/2147839015-150x150.jpg 150w, https:\/\/oasiodv.it\/wp-content\/uploads\/2025\/12\/2147839015-768x768.jpg 768w\" sizes=\"auto, (max-width: 1000px) 100vw, 1000px\" \/><\/figure>\n\n\n\n<p class=\"has-palette-color-4-color has-text-color has-link-color has-small-font-size wp-elements-4a725d2a9955b9969172c66f947715c7\"><strong>Credits: <\/strong><a href=\"https:\/\/it.freepik.com\/foto-gratuito\/colpo-medio-di-persone-che-si-abbracciano_10299559.htm#fromView=image_search_similar&amp;page=1&amp;position=14&amp;uuid=e1dfe438-b014-4296-9233-1e8f6e9a8d29&amp;query=inclusione?log-in=google\"><a href=\"https:\/\/it.freepik.com\/foto-gratuito\/primo-piano-del-globo-della-holding-della-mano-di-un-uomo_2573349.htm#fromView=image_search_similar&amp;page=1&amp;position=13&amp;uuid=9d7ec329-1aa2-4eb7-82ac-e8e85cc73e08&amp;query=Cooperazione+Internazionale\">Immagine di freepik<\/a><\/a><\/p>\n<\/div><\/div><\/div>\n<\/div><\/div>\n\n\n\n<div class=\"wp-block-stackable-spacer stk-block-spacer stk--no-padding stk-block stk-0c5a20f\" data-block-id=\"0c5a20f\"><style>.stk-0c5a20f {height:130px !important;}@media screen and (max-width:999px){.stk-0c5a20f {height:80px !important;}}<\/style><\/div>\n\n\n\n<p><\/p>\n","protected":false},"excerpt":{"rendered":"<p>Cooperazione internazionale Oasi ODV estende il proprio impegno oltre i confini nazionali attraverso progetti di cooperazione internazionale mirati a sostenere comunit\u00e0 vulnerabili e a promuovere percorsi di sviluppo duraturi. L\u2019associazione supporta una missione all\u2019estero che opera nelle aree pi\u00f9 povere della Bulgaria, dove vivono numerose comunit\u00e0 ROM in condizioni di forte marginalit\u00e0 sociale ed economica. [&hellip;]<\/p>\n","protected":false},"author":1,"featured_media":975,"parent":0,"menu_order":0,"comment_status":"closed","ping_status":"closed","template":"","meta":{"footnotes":""},"class_list":["post-1154","page","type-page","status-publish","has-post-thumbnail","hentry"],"blocksy_meta":{"styles_descriptor":{"styles":{"desktop":"","tablet":"","mobile":""},"google_fonts":[],"version":6}},"rttpg_featured_image_url":{"full":["https:\/\/oasiodv.it\/wp-content\/uploads\/2024\/12\/2148621072.jpg",2000,808,false],"landscape":["https:\/\/oasiodv.it\/wp-content\/uploads\/2024\/12\/2148621072.jpg",2000,808,false],"portraits":["https:\/\/oasiodv.it\/wp-content\/uploads\/2024\/12\/2148621072.jpg",2000,808,false],"thumbnail":["https:\/\/oasiodv.it\/wp-content\/uploads\/2024\/12\/2148621072.jpg",150,61,false],"medium":["https:\/\/oasiodv.it\/wp-content\/uploads\/2024\/12\/2148621072.jpg",300,121,false],"large":["https:\/\/oasiodv.it\/wp-content\/uploads\/2024\/12\/2148621072.jpg",1024,414,false],"1536x1536":["https:\/\/oasiodv.it\/wp-content\/uploads\/2024\/12\/2148621072.jpg",1536,621,false],"2048x2048":["https:\/\/oasiodv.it\/wp-content\/uploads\/2024\/12\/2148621072.jpg",2000,808,false]},"rttpg_author":{"display_name":"admin","author_link":"https:\/\/oasiodv.it\/?author=1"},"rttpg_comment":0,"rttpg_category":null,"rttpg_excerpt":"Cooperazione internazionale Oasi ODV estende il proprio impegno oltre i confini nazionali attraverso progetti di cooperazione internazionale mirati a sostenere comunit\u00e0 vulnerabili e a promuovere percorsi di sviluppo duraturi. L\u2019associazione supporta una missione all\u2019estero che opera nelle aree pi\u00f9 povere della Bulgaria, dove vivono numerose comunit\u00e0 ROM in condizioni di forte marginalit\u00e0 sociale ed economica.&hellip;","_links":{"self":[{"href":"https:\/\/oasiodv.it\/index.php?rest_route=\/wp\/v2\/pages\/1154","targetHints":{"allow":["GET"]}}],"collection":[{"href":"https:\/\/oasiodv.it\/index.php?rest_route=\/wp\/v2\/pages"}],"about":[{"href":"https:\/\/oasiodv.it\/index.php?rest_route=\/wp\/v2\/types\/page"}],"author":[{"embeddable":true,"href":"https:\/\/oasiodv.it\/index.php?rest_route=\/wp\/v2\/users\/1"}],"replies":[{"embeddable":true,"href":"https:\/\/oasiodv.it\/index.php?rest_route=%2Fwp%2Fv2%2Fcomments&post=1154"}],"version-history":[{"count":2,"href":"https:\/\/oasiodv.it\/index.php?rest_route=\/wp\/v2\/pages\/1154\/revisions"}],"predecessor-version":[{"id":1157,"href":"https:\/\/oasiodv.it\/index.php?rest_route=\/wp\/v2\/pages\/1154\/revisions\/1157"}],"wp:featuredmedia":[{"embeddable":true,"href":"https:\/\/oasiodv.it\/index.php?rest_route=\/wp\/v2\/media\/975"}],"wp:attachment":[{"href":"https:\/\/oasiodv.it\/index.php?rest_route=%2Fwp%2Fv2%2Fmedia&parent=1154"}],"curies":[{"name":"wp","href":"https:\/\/api.w.org\/{rel}","templated":true}]}}