{"id":1169,"date":"2025-12-01T17:36:10","date_gmt":"2025-12-01T16:36:10","guid":{"rendered":"https:\/\/oasiodv.it\/?page_id=1169"},"modified":"2026-01-02T16:07:59","modified_gmt":"2026-01-02T15:07:59","slug":"trasparenza","status":"publish","type":"page","link":"https:\/\/oasiodv.it\/?page_id=1169","title":{"rendered":"Trasparenza"},"content":{"rendered":"\n<div class=\"wp-block-stackable-columns alignfull stk-block-columns stk-block stk-47369fb stk-block-background\" data-block-id=\"47369fb\"><style>.stk-47369fb .stk--block-align-47369fb{align-items:center !important;}.stk-47369fb {background-color:#fbf6ed !important;margin-top:0px !important;margin-bottom:0px !important;}.stk-47369fb:before{background-color:#fbf6ed !important;}.stk-47369fb-column{--stk-column-gap:50px !important;row-gap:50px !important;}<\/style><div class=\"stk-row stk-inner-blocks stk--block-align-47369fb stk-block-content stk-content-align stk-47369fb-column\">\n<div class=\"wp-block-stackable-column stk-block-column stk-column stk-block stk-1da631d\" data-v=\"4\" data-block-id=\"1da631d\"><style>.stk-1da631d-container{margin-top:0px !important;margin-right:0px !important;margin-bottom:0px !important;margin-left:0px !important;}.stk-1da631d {margin-top:-98px !important;margin-right:auto !important;margin-bottom:98px !important;margin-left:auto !important;}<\/style><div class=\"stk-column-wrapper stk-block-column__content stk-container stk-1da631d-container stk--no-background stk--no-padding\"><div class=\"has-text-align-center stk-block-content stk-inner-blocks stk-1da631d-inner-blocks\">\n<h2 class=\"wp-block-heading has-text-align-left\" style=\"padding-top:0;padding-bottom:0\">Trasparenza<\/h2>\n\n\n\n<p class=\"has-text-align-left\">Oasi ODV fonda il proprio operato su solidi principi di trasparenza, correttezza e onest\u00e0, valori che guidano ogni attivit\u00e0 e ogni scelta gestionale dell\u2019associazione. Crediamo che la fiducia della comunit\u00e0, dei beneficiari, dei partner e degli enti finanziatori si costruisca attraverso una gestione chiara, responsabile e pienamente tracciabile delle risorse e dei processi.<br>Il nostro modello organizzativo garantisce accessibilit\u00e0 alle informazioni, rendicontazione puntuale e massima chiarezza nella comunicazione delle attivit\u00e0 svolte, dei progetti finanziati e dei risultati raggiunti. Ogni intervento \u00e8 svolto nel rispetto delle normative vigenti e dei principi etici che caratterizzano il nostro impegno sociale.<\/p>\n\n\n\n<p class=\"has-text-align-left\">Per garantire il principio di trasparenza mettiamo a disposizione di tutti, i principali dati di bilancio dell\u2019associazione da cui si pu\u00f2 evincere come operiamo e come utilizziamo le risorse che ci vengono affidate.<br>Il nostro obiettivo \u00e8 assicurare un rapporto sempre aperto e leale con la comunit\u00e0, promuovendo un modello di gestione fondato sulla responsabilit\u00e0 e sul rispetto del bene comune. I bilanci completi sono disponibili sul portale del R.U.N.T.S. <a href=\"https:\/\/servizi.lavoro.gov.it\/runts\/it-it\/Ricerca-enti\/Ente\">https:\/\/servizi.lavoro.gov.it\/runts\/it-it\/Ricerca-enti\/Ente<\/a><br><\/p>\n\n\n\n<p><strong>Principali dati di bilancio anni 2022-2024<\/strong><\/p>\n\n\n\n<figure class=\"wp-block-table has-small-font-size\"><table class=\"has-border-color has-palette-color-4-border-color\" style=\"border-width:1px\"><tbody><tr><td class=\"has-text-align-left\" data-align=\"left\" colspan=\"4\"><strong>PRINCIPALI DATI DI BILANCIO OASI ODV<\/strong><\/td><\/tr><tr><td class=\"has-text-align-left\" data-align=\"left\"><strong>ANNO<\/strong><\/td><td><strong>2022<\/strong><\/td><td><strong>2023<\/strong><\/td><td><strong>2024<\/strong><\/td><\/tr><tr><td class=\"has-text-align-left\" data-align=\"left\"><strong>Uscite per attivit\u00e0 di interesse generale<\/strong><\/td><td><strong>1.247 \u20ac<\/strong><\/td><td><strong>36.087 \u20ac<\/strong><\/td><td><strong>75.586 \u20ac<\/strong><\/td><\/tr><tr><td class=\"has-text-align-left\" data-align=\"left\">1) Materie Prime e di consumo<\/td><td>0 \u20ac<\/td><td>498 \u20ac<\/td><td>528 \u20ac<\/td><\/tr><tr><td class=\"has-text-align-left\" data-align=\"left\">2) Servizi<\/td><td>0 \u20ac<\/td><td>34.299 \u20ac<\/td><td>54.995 \u20ac<\/td><\/tr><tr><td class=\"has-text-align-left\" data-align=\"left\">5) Uscite diverse di gestione<\/td><td>1.247 \u20ac<\/td><td>1.290 \u20ac<\/td><td>63 \u20ac<\/td><\/tr><tr><td class=\"has-text-align-left\" data-align=\"left\">Altre uscite rimborso prestiti soci<\/td><td>0 \u20ac<\/td><td>0 \u20ac<\/td><td>20.000 \u20ac<\/td><\/tr><tr><td class=\"has-text-align-left\" data-align=\"left\" colspan=\"4\"><\/td><\/tr><tr><td class=\"has-text-align-left\" data-align=\"left\"><strong>Entrate da attivit\u00e0 di interesse generale<\/strong><\/td><td><strong>4.105 \u20ac<\/strong><\/td><td><strong>58.075 \u20ac<\/strong><\/td><td><strong>111.854 \u20ac<\/strong><\/td><\/tr><tr><td class=\"has-text-align-left\" data-align=\"left\">1) Apporti da fondatori<\/td><td>125 \u20ac<\/td><td>395 \u20ac<\/td><td>25 \u20ac<\/td><\/tr><tr><td class=\"has-text-align-left\" data-align=\"left\">2) Erogazioni liberali<\/td><td>3.980 \u20ac<\/td><td>1.280 \u20ac<\/td><td>1.256 \u20ac<\/td><\/tr><tr><td class=\"has-text-align-left\" data-align=\"left\">5) Entrate 5 per mille<\/td><td>0 \u20ac<\/td><td>0 \u20ac<\/td><td>166 \u20ac<\/td><\/tr><tr><td class=\"has-text-align-left\" data-align=\"left\">9) Contributi da enti pubblici<\/td><td>0 \u20ac<\/td><td>21.400 \u20ac<\/td><td>92.407 \u20ac<\/td><\/tr><tr><td class=\"has-text-align-left\" data-align=\"left\" colspan=\"4\"><\/td><\/tr><tr><td class=\"has-text-align-left\" data-align=\"left\"><strong>Avanzo\/Disavanzo<\/strong><\/td><td><strong>2.858 \u20ac<\/strong><\/td><td><strong>21.988 \u20ac<\/strong><\/td><td><strong>36.268 \u20ac<\/strong><\/td><\/tr><tr><td class=\"has-text-align-left\" data-align=\"left\" colspan=\"4\"><\/td><\/tr><tr><td class=\"has-text-align-left\" data-align=\"left\"><strong>Finanziamenti da soci\/sostenitori<\/strong><\/td><td><strong>0 \u20ac<\/strong><\/td><td><strong>35.000 \u20ac<\/strong><\/td><td><strong>18.000 \u20ac<\/strong><\/td><\/tr><tr><td class=\"has-text-align-left\" data-align=\"left\"><strong>Prestazioni in natura da soci\/sostenitori<\/strong><\/td><td><strong>24.550 \u20ac<\/strong><\/td><td><strong>0 \u20ac<\/strong><\/td><td><strong>0 \u20ac<\/strong><\/td><\/tr><\/tbody><\/table><\/figure>\n<\/div><\/div><\/div>\n\n\n\n<div class=\"wp-block-stackable-column stk-block-column stk-column stk-block stk-43cb914\" data-v=\"4\" data-block-id=\"43cb914\"><style>.stk-43cb914-container{margin-top:0px !important;margin-right:0px !important;margin-bottom:0px !important;margin-left:0px !important;}.stk-43cb914 {align-self:flex-start !important;}<\/style><div class=\"stk-column-wrapper stk-block-column__content stk-container stk-43cb914-container stk--no-background stk--no-padding\"><div class=\"stk-block-content stk-inner-blocks stk-43cb914-inner-blocks\">\n<figure class=\"wp-block-image size-full has-custom-border\"><img loading=\"lazy\" decoding=\"async\" width=\"1500\" height=\"1000\" src=\"https:\/\/oasiodv.it\/wp-content\/uploads\/2025\/12\/25140.jpg\" alt=\"\" class=\"wp-image-1171\" style=\"border-style:none;border-width:0px;border-radius:14px;aspect-ratio:1;object-fit:cover\" srcset=\"https:\/\/oasiodv.it\/wp-content\/uploads\/2025\/12\/25140.jpg 1500w, https:\/\/oasiodv.it\/wp-content\/uploads\/2025\/12\/25140-300x200.jpg 300w, https:\/\/oasiodv.it\/wp-content\/uploads\/2025\/12\/25140-1024x683.jpg 1024w, https:\/\/oasiodv.it\/wp-content\/uploads\/2025\/12\/25140-768x512.jpg 768w\" sizes=\"auto, (max-width: 1500px) 100vw, 1500px\" \/><\/figure>\n\n\n\n<p class=\"has-palette-color-4-color has-text-color has-link-color has-small-font-size wp-elements-10bdf27b614fdbe988585322d4305b39\"><strong>Credits:<\/strong> <a href=\"https:\/\/it.freepik.com\/foto-gratuito\/una-foto-da-vicino-di-una-persona-che-tiene-una-palla-di-cristallo-con-il-riflesso-degli-alberi_11600998.htm#fromView=search&amp;page=1&amp;position=16&amp;uuid=27649bc9-6f84-4934-9e3a-e330160f6d23&amp;query=principio+di+trasparenza\">Immagine di wirestock su Freepik<\/a><\/p>\n\n\n\n<div class=\"wp-block-stackable-text stk-block-text stk-block stk-95ac152\" data-block-id=\"95ac152\"><p class=\"stk-block-text__text\"><\/p><\/div>\n\n\n\n<figure class=\"wp-block-table has-small-font-size\"><table class=\"has-border-color has-palette-color-4-border-color\"><tbody><tr><th colspan=\"4\">PUBBLICAZIONE DELLE INFORMAZIONI RELATIVE A SOVVENZIONI, CONTRIBUTI, INCARICHI, TRIBUTI, E VANTAGGI ECONOMICI RICEVUTI NELL&#8217;ANNO 2024 (LEGGE 4\/8\/2017 N\u00b0 124 &#8212; ART. 1, COMMI 125\/129) DALLA:<\/th><\/tr><tr><th colspan=\"4\"><strong>OASI ORGANIZZAZIONE DI VOLONTARIATO O DV<\/strong><\/th><\/tr><tr><th colspan=\"4\"><strong>Codice fiscale: 91036590809<\/strong><\/th><\/tr><tr><th><strong>DATA DI INCASSO<\/strong><\/th><th><strong>SOGGETTO EROGATORE<\/strong><\/th><th><strong>CAUSALE<\/strong><\/th><th><strong>SOMMA INCASSATA<\/strong><\/th><\/tr><tr><td>12\/06\/2024<\/td><td>Comune Rosarno (RC)<br>Codice fiscale: 82001350808<\/td><td>Contributo su progetto specifico: &#8220;<em>Attivazione di servizi sperimentali di supporto alla gestione del &#8220;Villaggio della Solidariet\u00e0&#8221;<\/em> (art. 56 D.lgs 117\/2017)&#8221; rif. Convenzione Protocollo n.0005552\/2024 del 05-03-2024<\/td><td>\u20ac 20.192,00<\/td><\/tr><tr><td>09\/09\/2024<\/td><td>Regione Calabria<br>Codice fiscale: 02205340793<\/td><td>Contributo su progetto specifico: &#8220;<em>SPORTELLO SOCIALE INTEGRATO ROSARNO<\/em>&#8221; Avviso Regione Calabria per il sostegno di progetti di rilevanza locale ai sensi degli articoli 72 e 73 del D.Lgs. n.117\/2007, Codice del Terzo Settore. FONDI ADP 2022-2024. Convenzione Rep. n. 21226 del 09\/05\/2024<\/td><td>\u20ac 26.880,00<\/td><\/tr><tr><td>01\/11\/2024<\/td><td>Comune Rosarno (RC)<br>Codice fiscale: 82001350808<\/td><td>Contributo su progetto specifico: &#8220;<em>Attivazione di servizi sperimentali di supporto alla gestione del &#8220;Villaggio della Solidariet\u00e0&#8221;<\/em> (art. 56 D.lgs 117\/2017)&#8221; rif. Convenzione Protocollo n.0005552\/2024 del 05-03-2024<\/td><td>\u20ac 32.100,00<\/td><\/tr><tr><td>12\/12\/2024<\/td><td>Comune Polistena (RC)<br>Codice fiscale: 00232920801<\/td><td>Contributo su progetto specifico: <em>PIANO NAZIONALE DI RIPRESA E RESILIENZA Missione 1 &#8211; Componente 1 &#8211; Sub-Investimento 1.7.2 RETE DEI SERVIZI DI FACILITAZIONE DIGITALE<\/em> Convenzione art. 56 del d.lgs. 3 luglio 2017, n. 117 CUP: I29I23000150006<br><em>AMBITO TERRITORIALE SOCIALE POLISTENA<\/em><\/td><td>\u20ac 13.235,04<\/td><\/tr><tr><td colspan=\"3\"><strong>TOTALE CONTRIBUTI<\/strong><\/td><td><strong>\u20ac 92.407,04<\/strong><\/td><\/tr><\/tbody><\/table><\/figure>\n<\/div><\/div><\/div>\n<\/div><\/div>\n\n\n\n<div class=\"wp-block-stackable-spacer stk-block-spacer stk--no-padding stk-block stk-0c5a20f\" data-block-id=\"0c5a20f\"><style>.stk-0c5a20f {height:130px !important;}@media screen and (max-width:999px){.stk-0c5a20f {height:80px !important;}}<\/style><\/div>\n\n\n\n<p><\/p>\n","protected":false},"excerpt":{"rendered":"<p>Trasparenza Oasi ODV fonda il proprio operato su solidi principi di trasparenza, correttezza e onest\u00e0, valori che guidano ogni attivit\u00e0 e ogni scelta gestionale dell\u2019associazione. Crediamo che la fiducia della comunit\u00e0, dei beneficiari, dei partner e degli enti finanziatori si costruisca attraverso una gestione chiara, responsabile e pienamente tracciabile delle risorse e dei processi.Il nostro [&hellip;]<\/p>\n","protected":false},"author":1,"featured_media":1171,"parent":0,"menu_order":0,"comment_status":"closed","ping_status":"closed","template":"","meta":{"footnotes":""},"class_list":["post-1169","page","type-page","status-publish","has-post-thumbnail","hentry"],"blocksy_meta":{"styles_descriptor":{"styles":{"desktop":"","tablet":"","mobile":""},"google_fonts":[],"version":6}},"rttpg_featured_image_url":{"full":["https:\/\/oasiodv.it\/wp-content\/uploads\/2025\/12\/25140.jpg",1500,1000,false],"landscape":["https:\/\/oasiodv.it\/wp-content\/uploads\/2025\/12\/25140.jpg",1500,1000,false],"portraits":["https:\/\/oasiodv.it\/wp-content\/uploads\/2025\/12\/25140.jpg",1500,1000,false],"thumbnail":["https:\/\/oasiodv.it\/wp-content\/uploads\/2025\/12\/25140-150x150.jpg",150,150,true],"medium":["https:\/\/oasiodv.it\/wp-content\/uploads\/2025\/12\/25140-300x200.jpg",300,200,true],"large":["https:\/\/oasiodv.it\/wp-content\/uploads\/2025\/12\/25140-1024x683.jpg",1024,683,true],"1536x1536":["https:\/\/oasiodv.it\/wp-content\/uploads\/2025\/12\/25140.jpg",1500,1000,false],"2048x2048":["https:\/\/oasiodv.it\/wp-content\/uploads\/2025\/12\/25140.jpg",1500,1000,false]},"rttpg_author":{"display_name":"admin","author_link":"https:\/\/oasiodv.it\/?author=1"},"rttpg_comment":0,"rttpg_category":null,"rttpg_excerpt":"Trasparenza Oasi ODV fonda il proprio operato su solidi principi di trasparenza, correttezza e onest\u00e0, valori che guidano ogni attivit\u00e0 e ogni scelta gestionale dell\u2019associazione. Crediamo che la fiducia della comunit\u00e0, dei beneficiari, dei partner e degli enti finanziatori si costruisca attraverso una gestione chiara, responsabile e pienamente tracciabile delle risorse e dei processi.Il nostro&hellip;","_links":{"self":[{"href":"https:\/\/oasiodv.it\/index.php?rest_route=\/wp\/v2\/pages\/1169","targetHints":{"allow":["GET"]}}],"collection":[{"href":"https:\/\/oasiodv.it\/index.php?rest_route=\/wp\/v2\/pages"}],"about":[{"href":"https:\/\/oasiodv.it\/index.php?rest_route=\/wp\/v2\/types\/page"}],"author":[{"embeddable":true,"href":"https:\/\/oasiodv.it\/index.php?rest_route=\/wp\/v2\/users\/1"}],"replies":[{"embeddable":true,"href":"https:\/\/oasiodv.it\/index.php?rest_route=%2Fwp%2Fv2%2Fcomments&post=1169"}],"version-history":[{"count":13,"href":"https:\/\/oasiodv.it\/index.php?rest_route=\/wp\/v2\/pages\/1169\/revisions"}],"predecessor-version":[{"id":1271,"href":"https:\/\/oasiodv.it\/index.php?rest_route=\/wp\/v2\/pages\/1169\/revisions\/1271"}],"wp:featuredmedia":[{"embeddable":true,"href":"https:\/\/oasiodv.it\/index.php?rest_route=\/wp\/v2\/media\/1171"}],"wp:attachment":[{"href":"https:\/\/oasiodv.it\/index.php?rest_route=%2Fwp%2Fv2%2Fmedia&parent=1169"}],"curies":[{"name":"wp","href":"https:\/\/api.w.org\/{rel}","templated":true}]}}