{"id":717,"date":"2022-02-20T08:28:45","date_gmt":"2022-02-20T08:28:45","guid":{"rendered":"https:\/\/startersites.io\/stagingthree\/?page_id=717"},"modified":"2026-01-02T15:07:51","modified_gmt":"2026-01-02T14:07:51","slug":"projects","status":"publish","type":"page","link":"https:\/\/oasiodv.it\/?page_id=717","title":{"rendered":"Progetti"},"content":{"rendered":"\n<div class=\"wp-block-stackable-spacer stk-block-spacer stk--no-padding stk-block stk-b4c3542\" data-block-id=\"b4c3542\"><style>.stk-b4c3542 {height:70px !important;}<\/style><\/div>\n\n\n\n<div class=\"wp-block-stackable-columns alignfull stk-block-columns stk-block stk-496a89a stk-block-background\" data-block-id=\"496a89a\"><style>.stk-496a89a {background-color:#fbf6ed !important;margin-top:var(--stk--preset--spacing--70, 3.38rem) !important;margin-bottom:var(--stk--preset--spacing--70, 3.38rem) !important;}.stk-496a89a:before{background-color:#fbf6ed !important;}<\/style><div class=\"stk-row stk-inner-blocks stk-block-content stk-content-align stk-496a89a-column alignwide\">\n<div class=\"wp-block-stackable-column stk-block-column stk-column stk-block stk-9b48d58\" data-v=\"4\" data-block-id=\"9b48d58\"><div class=\"stk-column-wrapper stk-block-column__content stk-container stk-9b48d58-container stk--no-background stk--no-padding\"><div class=\"stk-block-content stk-inner-blocks stk-9b48d58-inner-blocks\">\n<div class=\"wp-block-stackable-columns stk-block-columns stk-block stk-3ff1019\" data-block-id=\"3ff1019\"><div class=\"stk-row stk-inner-blocks stk-block-content stk-content-align stk-3ff1019-column\">\n<div class=\"wp-block-stackable-column stk-block-column stk-column stk-block stk-6d0160a\" data-v=\"4\" data-block-id=\"6d0160a\"><div class=\"stk-column-wrapper stk-block-column__content stk-container stk-6d0160a-container stk--no-background stk--no-padding\"><div class=\"stk-block-content stk-inner-blocks stk-6d0160a-inner-blocks\">\n<div class=\"wp-block-stackable-heading stk-block-heading stk-block-heading--v2 stk-block stk-a9ea6c2\" id=\"heading-placeholder\" data-block-id=\"a9ea6c2\"><h2 class=\"stk-block-heading__text\">Progetti e collaborazioni<\/h2><\/div>\n\n\n\n<div class=\"wp-block-stackable-text stk-block-text stk-block stk-0f2188e\" data-block-id=\"0f2188e\"><p class=\"stk-block-text__text\">Oasi ODV sviluppa e realizza progetti finanziati a supporto delle proprie attivit\u00e0 sociali, educative e di inclusione, collaborando con Enti del Terzo Settore, enti pubblici e con la Regione Calabria. Grazie a queste sinergie, l\u2019associazione porta avanti interventi mirati a sostenere le persone pi\u00f9 fragili e a rafforzare il welfare territoriale.<\/p><\/div>\n\n\n\n<p><br><strong>Di seguito i principali progetti attivi:<\/strong><\/p>\n<\/div><\/div><\/div>\n<\/div><\/div>\n\n\n\n<div class=\"wp-block-stackable-columns stk-block-columns stk-block stk-153e409\" data-block-id=\"153e409\"><style>.stk-153e409 {margin-bottom:40px !important;}.stk-153e409-column{--stk-column-gap:var(--stk--preset--spacing--40, 30px) !important;}<\/style><div class=\"stk-row stk-inner-blocks stk-block-content stk-content-align stk-153e409-column\">\n<div class=\"wp-block-stackable-column stk-block-column stk-column stk-block stk-dddfe12\" data-v=\"4\" data-block-id=\"dddfe12\"><div class=\"stk-column-wrapper stk-block-column__content stk-container stk-dddfe12-container stk--no-background stk--no-padding\"><div class=\"stk-block-content stk-inner-blocks stk-dddfe12-inner-blocks\">\n<div class=\"wp-block-stackable-image stk-block-image stk-block stk-3ae8fb9\" data-block-id=\"3ae8fb9\"><figure><span class=\"stk-img-wrapper stk-image--shape-stretch\"><img loading=\"lazy\" decoding=\"async\" class=\"stk-img wp-image-1167\" src=\"https:\/\/oasiodv.it\/wp-content\/uploads\/2025\/12\/2148732708.jpg\" width=\"1500\" height=\"1000\" srcset=\"https:\/\/oasiodv.it\/wp-content\/uploads\/2025\/12\/2148732708.jpg 1500w, https:\/\/oasiodv.it\/wp-content\/uploads\/2025\/12\/2148732708-300x200.jpg 300w, https:\/\/oasiodv.it\/wp-content\/uploads\/2025\/12\/2148732708-1024x683.jpg 1024w, https:\/\/oasiodv.it\/wp-content\/uploads\/2025\/12\/2148732708-768x512.jpg 768w\" sizes=\"auto, (max-width: 1500px) 100vw, 1500px\" \/><\/span><\/figure><\/div>\n\n\n\n<p class=\"has-small-font-size\"><strong>Credits: <a href=\"https:\/\/it.freepik.com\/foto-gratuito\/volontari-di-smiley-che-preparano-scatole-con-cibo-per-la-donazione_10853497.htm#fromView=image_search_similar&amp;page=1&amp;position=7&amp;uuid=e5490a7d-02ec-4b3f-b700-9d8decbf3a28&amp;query=alimenti+sociale\">Immagine di freepik<\/a><\/strong><\/p>\n<\/div><\/div><\/div>\n\n\n\n<div class=\"wp-block-stackable-column stk-block-column stk-column stk-block stk-8e50fa9\" data-v=\"4\" data-block-id=\"8e50fa9\"><style>.stk-8e50fa9 {align-self:center !important;}<\/style><div class=\"stk-column-wrapper stk-block-column__content stk-container stk-8e50fa9-container stk--no-background stk--no-padding\"><div class=\"stk-block-content stk-inner-blocks stk-8e50fa9-inner-blocks\">\n<div class=\"wp-block-stackable-heading stk-block-heading stk-block-heading--v2 stk-block stk-536efb1\" id=\"title-1-placeholder\" data-block-id=\"536efb1\"><h3 class=\"stk-block-heading__text\">Progetto di distribuzione alimentare<\/h3><\/div>\n\n\n\n<div class=\"wp-block-stackable-text stk-block-text stk-block stk-6614393\" data-block-id=\"6614393\"><p class=\"stk-block-text__text\">Realizzato in convenzione con il Banco delle Opere di Carit\u00e0, per garantire sostegno alle famiglie in condizione di bisogno. Vengono distribuiti anche vestiario donato dall&#8217;Agenzia delle Dogane e dei Monopoli &#8211; D.T. Calabria 1 &#8211; Gioia Tauro. <\/p><\/div>\n\n\n\n<div class=\"wp-block-stackable-heading stk-block-heading stk-block-heading--v2 stk-block stk-ca1b81c\" id=\"title-1-placeholder\" data-block-id=\"ca1b81c\"><h3 class=\"stk-block-heading__text\">Progetto per l\u2019accoglienza dei migranti lavoratori stagionali<\/h3><\/div>\n\n\n\n<div class=\"wp-block-stackable-text stk-block-text stk-block stk-5945725\" data-block-id=\"5945725\"><p class=\"stk-block-text__text\">Ci occupiamo dell\u2019accoglienza dei migranti lavoratori stagionali presso il Villaggio della Solidariet\u00e0 di Rosarno, in collaborazione con il Comune di Rosarno, offriamo ospitalit\u00e0 dignitosa e garantiamo servizi essenziali per le persone ospiti.<\/p><\/div>\n<\/div><\/div><\/div>\n<\/div><\/div>\n\n\n\n<div class=\"wp-block-stackable-columns stk-block-columns stk-block stk-b238a8d\" data-block-id=\"b238a8d\"><style>.stk-b238a8d {margin-bottom:40px !important;}.stk-b238a8d-column{--stk-column-gap:var(--stk--preset--spacing--40, 30px) !important;}<\/style><div class=\"stk-row stk-inner-blocks stk-block-content stk-content-align stk-b238a8d-column\">\n<div class=\"wp-block-stackable-column stk-block-column stk-column stk-block stk-6878e97\" data-v=\"4\" data-block-id=\"6878e97\"><style>.stk-6878e97 {align-self:center !important;}<\/style><div class=\"stk-column-wrapper stk-block-column__content stk-container stk-6878e97-container stk--no-background stk--no-padding\"><div class=\"stk-block-content stk-inner-blocks stk-6878e97-inner-blocks\">\n<div class=\"wp-block-stackable-heading stk-block-heading stk-block-heading--v2 stk-block stk-f0a42ef\" id=\"title-2-placeholder\" data-block-id=\"f0a42ef\"><h3 class=\"stk-block-heading__text\">Progetto W.I.A.M.I.<\/h3><\/div>\n\n\n\n<div class=\"wp-block-stackable-text stk-block-text stk-block stk-5ad26a5\" data-block-id=\"5ad26a5\"><p class=\"stk-block-text__text\">Progetto Supreme 2 &#8211; W.I.A.M.I. \u2013 Codice progetto 910 &#8211; Azioni di supporto e contrasto al lavoro nero e al caporalato, attraverso presidi e servizi dedicati:<br>&#8211; <strong>Polo Sociale di Rosarno<\/strong><br>&#8211; <strong>Misure per l\u2019abitare inclusivo<br>&#8211; Servizi di trasporto con finalit\u00e0 sociali<br>&#8211; Attivit\u00e0 di outreach nei luoghi di vita e lavoro dei lavoratori migranti stagionali<\/strong><\/p><\/div>\n\n\n\n<div class=\"wp-block-stackable-heading stk-block-heading stk-block-heading--v2 stk-block stk-aea9ac8\" id=\"title-2-placeholder\" data-block-id=\"aea9ac8\"><h3 class=\"stk-block-heading__text\">Progetto \u201cRete di facilitazione digitale Calabria\u201d misura 1.7.2 PNRR<\/h3><\/div>\n\n\n\n<div class=\"wp-block-stackable-text stk-block-text stk-block stk-a8c3285\" data-block-id=\"a8c3285\"><p class=\"stk-block-text__text\">Si tratta di una iniziativa Promossa dalla Regione Calabria che prevede l\u2019istituzione e la gestione di 9 sportelli di facilitazione digitale, sia itineranti che presso le sedi comunali di Rosarno, Gioia Tauro, Palmi, Rizziconi, San Ferdinando, Laureana, Polistena, Taurianova e Oppido Mamertina, rivolti a tutti i cittadini ed ai giovani per favorire l\u2019accesso ai servizi digitali e ridurre il divario tecnologico.<br>Attraverso questi interventi, Oasi ODV rafforza il proprio ruolo nella costruzione di una comunit\u00e0 digitale pi\u00f9 inclusiva, solidale e capace di offrire servizi concreti ed opportunit\u00e0 a chi vive situazioni&nbsp;di&nbsp;fragilit\u00e0 .<\/p><\/div>\n\n\n\n<p class=\"has-large-font-size\"><strong>Progetto di sostegno alle comunit\u00e0 ROM<\/strong><\/p>\n\n\n\n<p>Nelle citt\u00e0 pi\u00f9 povere della Bulgaria sosteniamo comunit\u00e0 ROM, con azioni che rafforzano competenze, diritti e occasioni di crescita, costruendo ponti di solidariet\u00e0 che uniscono territori e persone. Aiutiamo concretamente bambini abbandonati dalle famiglie che vivono in condizioni di semi-nomadismo, perch\u00e9 crediamo nelle generazioni future come leva strategica per il cambiamento. <\/p>\n<\/div><\/div><\/div>\n\n\n\n<div class=\"wp-block-stackable-column stk-block-column stk-column stk-block stk-699e508\" data-v=\"4\" data-block-id=\"699e508\"><div class=\"stk-column-wrapper stk-block-column__content stk-container stk-699e508-container stk--no-background stk--no-padding\"><div class=\"stk-block-content stk-inner-blocks stk-699e508-inner-blocks\">\n<div class=\"wp-block-stackable-image stk-block-image stk-block stk-2f72cb9\" data-block-id=\"2f72cb9\"><style>.stk-2f72cb9 {border-top-left-radius:14px !important;border-top-right-radius:14px !important;border-bottom-right-radius:14px !important;border-bottom-left-radius:14px !important;overflow:hidden !important;}.stk-2f72cb9 .stk-img-wrapper{width:574px !important;}<\/style><figure><span class=\"stk-img-wrapper stk-image--shape-stretch\"><img loading=\"lazy\" decoding=\"async\" class=\"stk-img wp-image-1164\" src=\"https:\/\/oasiodv.it\/wp-content\/uploads\/2025\/12\/555621644_747833494904464_5983469769287492091_n.jpg\" width=\"574\" height=\"600\" srcset=\"https:\/\/oasiodv.it\/wp-content\/uploads\/2025\/12\/555621644_747833494904464_5983469769287492091_n.jpg 574w, https:\/\/oasiodv.it\/wp-content\/uploads\/2025\/12\/555621644_747833494904464_5983469769287492091_n-287x300.jpg 287w\" sizes=\"auto, (max-width: 574px) 100vw, 574px\" \/><\/span><\/figure><\/div>\n<\/div><\/div><\/div>\n<\/div><\/div>\n<\/div><\/div><\/div>\n<\/div><\/div>\n","protected":false},"excerpt":{"rendered":"<p>Progetti e collaborazioni Oasi ODV sviluppa e realizza progetti finanziati a supporto delle proprie attivit\u00e0 sociali, educative e di inclusione, collaborando con Enti del Terzo Settore, enti pubblici e con la Regione Calabria. Grazie a queste sinergie, l\u2019associazione porta avanti interventi mirati a sostenere le persone pi\u00f9 fragili e a rafforzare il welfare territoriale. Di [&hellip;]<\/p>\n","protected":false},"author":1,"featured_media":224,"parent":0,"menu_order":0,"comment_status":"closed","ping_status":"closed","template":"","meta":{"footnotes":""},"class_list":["post-717","page","type-page","status-publish","has-post-thumbnail","hentry"],"blocksy_meta":{"styles_descriptor":{"styles":{"desktop":"","tablet":"","mobile":""},"google_fonts":[],"version":6}},"rttpg_featured_image_url":{"full":["https:\/\/oasiodv.it\/wp-content\/uploads\/2020\/06\/perry-grone-lbLgFFlADrY-unsplash.jpg",800,600,false],"landscape":["https:\/\/oasiodv.it\/wp-content\/uploads\/2020\/06\/perry-grone-lbLgFFlADrY-unsplash.jpg",800,600,false],"portraits":["https:\/\/oasiodv.it\/wp-content\/uploads\/2020\/06\/perry-grone-lbLgFFlADrY-unsplash.jpg",800,600,false],"thumbnail":["https:\/\/oasiodv.it\/wp-content\/uploads\/2020\/06\/perry-grone-lbLgFFlADrY-unsplash.jpg",150,113,false],"medium":["https:\/\/oasiodv.it\/wp-content\/uploads\/2020\/06\/perry-grone-lbLgFFlADrY-unsplash.jpg",300,225,false],"large":["https:\/\/oasiodv.it\/wp-content\/uploads\/2020\/06\/perry-grone-lbLgFFlADrY-unsplash.jpg",800,600,false],"1536x1536":["https:\/\/oasiodv.it\/wp-content\/uploads\/2020\/06\/perry-grone-lbLgFFlADrY-unsplash.jpg",800,600,false],"2048x2048":["https:\/\/oasiodv.it\/wp-content\/uploads\/2020\/06\/perry-grone-lbLgFFlADrY-unsplash.jpg",800,600,false]},"rttpg_author":{"display_name":"admin","author_link":"https:\/\/oasiodv.it\/?author=1"},"rttpg_comment":0,"rttpg_category":null,"rttpg_excerpt":"Progetti e collaborazioni Oasi ODV sviluppa e realizza progetti finanziati a supporto delle proprie attivit\u00e0 sociali, educative e di inclusione, collaborando con Enti del Terzo Settore, enti pubblici e con la Regione Calabria. Grazie a queste sinergie, l\u2019associazione porta avanti interventi mirati a sostenere le persone pi\u00f9 fragili e a rafforzare il welfare territoriale. Di&hellip;","_links":{"self":[{"href":"https:\/\/oasiodv.it\/index.php?rest_route=\/wp\/v2\/pages\/717","targetHints":{"allow":["GET"]}}],"collection":[{"href":"https:\/\/oasiodv.it\/index.php?rest_route=\/wp\/v2\/pages"}],"about":[{"href":"https:\/\/oasiodv.it\/index.php?rest_route=\/wp\/v2\/types\/page"}],"author":[{"embeddable":true,"href":"https:\/\/oasiodv.it\/index.php?rest_route=\/wp\/v2\/users\/1"}],"replies":[{"embeddable":true,"href":"https:\/\/oasiodv.it\/index.php?rest_route=%2Fwp%2Fv2%2Fcomments&post=717"}],"version-history":[{"count":12,"href":"https:\/\/oasiodv.it\/index.php?rest_route=\/wp\/v2\/pages\/717\/revisions"}],"predecessor-version":[{"id":1238,"href":"https:\/\/oasiodv.it\/index.php?rest_route=\/wp\/v2\/pages\/717\/revisions\/1238"}],"wp:featuredmedia":[{"embeddable":true,"href":"https:\/\/oasiodv.it\/index.php?rest_route=\/wp\/v2\/media\/224"}],"wp:attachment":[{"href":"https:\/\/oasiodv.it\/index.php?rest_route=%2Fwp%2Fv2%2Fmedia&parent=717"}],"curies":[{"name":"wp","href":"https:\/\/api.w.org\/{rel}","templated":true}]}}